{"id":11,"date":"2018-12-22T11:59:34","date_gmt":"2018-12-22T10:59:34","guid":{"rendered":"http:\/\/christianjaekel.com\/?page_id=11"},"modified":"2026-01-06T15:15:25","modified_gmt":"2026-01-06T14:15:25","slug":"job","status":"publish","type":"page","link":"https:\/\/christianjaekel.com\/","title":{"rendered":"BERATUNG"},"content":{"rendered":"\t\t<div data-elementor-type=\"wp-page\" data-elementor-id=\"11\" class=\"elementor elementor-11\">\n\t\t\t\t\t\t<section class=\"elementor-section elementor-top-section elementor-element elementor-element-beaf26f elementor-section-boxed elementor-section-height-default elementor-section-height-default\" data-id=\"beaf26f\" data-element_type=\"section\" data-e-type=\"section\">\n\t\t\t\t\t\t<div class=\"elementor-container elementor-column-gap-default\">\n\t\t\t\t\t<div class=\"elementor-column elementor-col-100 elementor-top-column elementor-element elementor-element-41f7906\" data-id=\"41f7906\" data-element_type=\"column\" data-e-type=\"column\">\n\t\t\t<div class=\"elementor-widget-wrap elementor-element-populated\">\n\t\t\t\t\t\t<div class=\"elementor-element elementor-element-343bcff elementor-widget elementor-widget-heading\" data-id=\"343bcff\" data-element_type=\"widget\" data-e-type=\"widget\" data-widget_type=\"heading.default\">\n\t\t\t\t<div class=\"elementor-widget-container\">\n\t\t\t\t\t<h2 class=\"elementor-heading-title elementor-size-default\">Beratung<\/h2>\t\t\t\t<\/div>\n\t\t\t\t<\/div>\n\t\t\t\t\t<\/div>\n\t\t<\/div>\n\t\t\t\t\t<\/div>\n\t\t<\/section>\n\t\t\t\t<section class=\"elementor-section elementor-top-section elementor-element elementor-element-2d5a966 elementor-section-boxed elementor-section-height-default elementor-section-height-default\" data-id=\"2d5a966\" data-element_type=\"section\" data-e-type=\"section\">\n\t\t\t\t\t\t<div class=\"elementor-container elementor-column-gap-default\">\n\t\t\t\t\t<div class=\"elementor-column elementor-col-100 elementor-top-column elementor-element elementor-element-7257aa7\" data-id=\"7257aa7\" data-element_type=\"column\" data-e-type=\"column\">\n\t\t\t<div class=\"elementor-widget-wrap elementor-element-populated\">\n\t\t\t\t\t\t<div class=\"elementor-element elementor-element-af29e43 elementor-widget elementor-widget-text-editor\" data-id=\"af29e43\" data-element_type=\"widget\" data-e-type=\"widget\" data-widget_type=\"text-editor.default\">\n\t\t\t\t<div class=\"elementor-widget-container\">\n\t\t\t\t\t\t\t\t\t<h2 data-path-to-node=\"2\">Ich mache Ihre Immobilie fit f\u00fcr die Zukunft<\/h2><p data-path-to-node=\"3\">Egal, ob Sie einen Altbau sanieren, Ihr Traumhaus planen oder einfach nur die steigenden Heizkosten stoppen wollen: <b data-path-to-node=\"3\" data-index-in-node=\"116\">Ich bin an Ihrer Seite.<\/b> Als zertifizierter Energie-Effizienz-Experte berate ich Sie neutral und kompetent. Mein Ziel ist es, Ihr Zuhause nicht nur nachhaltiger, sondern vor allem wirtschaftlicher zu machen.<\/p><h3 data-path-to-node=\"4\">Wie ich Sie unterst\u00fctze<\/h3><p data-path-to-node=\"5\">Ich begleite Sie durch alle Phasen Ihres Bauvorhabens und sorge daf\u00fcr, dass Sie den \u00dcberblick behalten.<\/p><ul data-path-to-node=\"6\"><li><p data-path-to-node=\"6,0,0\"><b data-path-to-node=\"6,0,0\" data-index-in-node=\"0\">Individuelle Analyse:<\/b> Ich erstelle f\u00fcr Sie einen detaillierten <b data-path-to-node=\"6,0,0\" data-index-in-node=\"63\">Sanierungsfahrplan (iSFP)<\/b>. Gemeinsam schauen wir uns die Substanz Ihres Geb\u00e4udes an. Ich zeige Ihnen exakt, wo das gr\u00f6\u00dfte Sparpotenzial schlummert \u2013 von der D\u00e4mmung bis zur modernen Heizung.<\/p><\/li><li><p data-path-to-node=\"6,1,0\"><b data-path-to-node=\"6,1,0\" data-index-in-node=\"0\">Sanierung &amp; Neubau:<\/b> Ich begleite Ihr Projekt von der ersten Idee bis zur Umsetzung. So stelle ich sicher, dass Ihre Immobilie von Anfang an maximale Effizienz erreicht.<\/p><\/li><li><p data-path-to-node=\"6,2,0\"><b data-path-to-node=\"6,2,0\" data-index-in-node=\"0\">Spezialist f\u00fcr Altbau &amp; Denkmalschutz:<\/b> Historische Geb\u00e4ude liegen mir besonders am Herzen. Ich entwickle f\u00fcr Sie ma\u00dfgeschneiderte Konzepte, um die Immobilie fit f\u00fcr die Zukunft zu bekommen. Wir bewahren den einzigartigen Charme Ihres Baudenkmals und senken gleichzeitig massiv die Energiekosten.<\/p><\/li><\/ul><h3 data-path-to-node=\"7\">Ihr gr\u00f6\u00dfter Vorteil: Mein F\u00f6rdermanagement<\/h3><p data-path-to-node=\"8\">Der F\u00f6rderdschungel in Deutschland kann frustrierend sein \u2013 aber keine Sorge, ich nehme Ihnen diese Last ab. <b data-path-to-node=\"8\" data-index-in-node=\"109\">Ich k\u00fcmmere mich komplett um Ihre Antr\u00e4ge.<\/b> So sichern Sie sich die maximalen Zusch\u00fcsse und sparen bares Geld, ohne sich mit komplizierten Formularen herumschlagen zu m\u00fcssen.<\/p><hr data-path-to-node=\"9\" \/><h3 data-path-to-node=\"10\">Meine Schwerpunkte f\u00fcr Sie<\/h3><ul data-path-to-node=\"11\"><li><p data-path-to-node=\"11,0,0\">Erstellung Ihres individuellen <b data-path-to-node=\"11,0,0\" data-index-in-node=\"31\">Sanierungsfahrplans (iSFP)<\/b><\/p><\/li><li><p data-path-to-node=\"11,1,0\">Pers\u00f6nliche <b data-path-to-node=\"11,1,0\" data-index-in-node=\"12\">Baubegleitung<\/b> w\u00e4hrend der Sanierung<\/p><\/li><li><p data-path-to-node=\"11,2,0\">Ausstellung rechtssicherer <b data-path-to-node=\"11,2,0\" data-index-in-node=\"27\">Energieausweise<\/b><\/p><\/li><li><p data-path-to-node=\"11,3,0\"><b data-path-to-node=\"11,3,0\" data-index-in-node=\"0\">Wirtschaftlichkeitsanalysen<\/b> (besonders spannend f\u00fcr Vermieter!)<\/p><\/li><li><p data-path-to-node=\"11,4,0\">Check-up: Ist Ihr Altbau bereit f\u00fcr eine <b data-path-to-node=\"11,4,0\" data-index-in-node=\"41\">W\u00e4rmepumpe<\/b>?<\/p><\/li><\/ul><h3 data-path-to-node=\"12\">Was Sie davon haben<\/h3><ol start=\"1\" data-path-to-node=\"13\"><li><p data-path-to-node=\"13,0,0\"><b data-path-to-node=\"13,0,0\" data-index-in-node=\"0\">Mehr Effizienz:<\/b> Sie senken sp\u00fcrbar Ihren Verbrauch und Ihre Fixkosten.<\/p><\/li><li><p data-path-to-node=\"13,1,0\"><b data-path-to-node=\"13,1,0\" data-index-in-node=\"0\">Echte Wertsteigerung:<\/b> Ihre Immobilie wird zukunftssicher und attraktiver am Markt.<\/p><\/li><li><p data-path-to-node=\"13,2,0\"><b data-path-to-node=\"13,2,0\" data-index-in-node=\"0\">Volle F\u00f6rderung:<\/b> Ich hole f\u00fcr Sie raus, was m\u00f6glich ist.<\/p><\/li><li><p data-path-to-node=\"13,3,0\"><b data-path-to-node=\"13,3,0\" data-index-in-node=\"0\">Weniger Sorgen:<\/b> Ich halte Ihnen den R\u00fccken frei und \u00fcbernehme die Abwicklung.<\/p><\/li><\/ol><hr data-path-to-node=\"14\" \/><h3 data-path-to-node=\"15\">Lust auf ein Kennenlernen?<\/h3><p data-path-to-node=\"16\">Sind Sie Vermieter und wollen Ihre Rendite optimieren? Oder m\u00f6chten Sie als Hausbesitzer einfach die Nebenkosten in den Griff bekommen?<\/p><p data-path-to-node=\"17\"><b data-path-to-node=\"17\" data-index-in-node=\"0\">Lassen Sie uns dar\u00fcber sprechen.<\/b> Kontaktieren Sie mich einfach f\u00fcr ein kostenloses und unverbindliches Erstgespr\u00e4ch per Telefon oder E-Mail. Ich freue mich darauf, Ihr Projekt gemeinsam anzupacken!<\/p>\t\t\t\t\t\t\t\t<\/div>\n\t\t\t\t<\/div>\n\t\t\t\t\t<\/div>\n\t\t<\/div>\n\t\t\t\t\t<\/div>\n\t\t<\/section>\n\t\t\t\t<section class=\"elementor-section elementor-top-section elementor-element elementor-element-c77a616 elementor-section-boxed elementor-section-height-default elementor-section-height-default\" data-id=\"c77a616\" data-element_type=\"section\" data-e-type=\"section\">\n\t\t\t\t\t\t<div class=\"elementor-container elementor-column-gap-default\">\n\t\t\t\t\t<div class=\"elementor-column elementor-col-100 elementor-top-column elementor-element elementor-element-b00a8c1\" data-id=\"b00a8c1\" data-element_type=\"column\" data-e-type=\"column\">\n\t\t\t<div class=\"elementor-widget-wrap elementor-element-populated\">\n\t\t\t\t\t\t<div class=\"elementor-element elementor-element-279671f elementor-align-center elementor-widget elementor-widget-button\" data-id=\"279671f\" data-element_type=\"widget\" data-e-type=\"widget\" data-widget_type=\"button.default\">\n\t\t\t\t<div class=\"elementor-widget-container\">\n\t\t\t\t\t\t\t\t\t<div class=\"elementor-button-wrapper\">\n\t\t\t\t\t<a class=\"elementor-button elementor-button-link elementor-size-sm\" href=\"https:\/\/christianjaekel.com\/?page_id=62\">\n\t\t\t\t\t\t<span class=\"elementor-button-content-wrapper\">\n\t\t\t\t\t\t\t\t\t<span class=\"elementor-button-text\">Kontaktieren Sie mich<\/span>\n\t\t\t\t\t<\/span>\n\t\t\t\t\t<\/a>\n\t\t\t\t<\/div>\n\t\t\t\t\t\t\t\t<\/div>\n\t\t\t\t<\/div>\n\t\t\t\t\t<\/div>\n\t\t<\/div>\n\t\t\t\t\t<\/div>\n\t\t<\/section>\n\t\t\t\t<section class=\"elementor-section elementor-top-section elementor-element elementor-element-106309b elementor-section-boxed elementor-section-height-default elementor-section-height-default\" data-id=\"106309b\" data-element_type=\"section\" data-e-type=\"section\">\n\t\t\t\t\t\t<div class=\"elementor-container elementor-column-gap-default\">\n\t\t\t\t\t<div class=\"elementor-column elementor-col-100 elementor-top-column elementor-element elementor-element-22d7590\" data-id=\"22d7590\" data-element_type=\"column\" data-e-type=\"column\">\n\t\t\t<div class=\"elementor-widget-wrap elementor-element-populated\">\n\t\t\t\t\t\t<div class=\"elementor-element elementor-element-974a9c7 elementor-widget elementor-widget-spacer\" data-id=\"974a9c7\" data-element_type=\"widget\" data-e-type=\"widget\" data-widget_type=\"spacer.default\">\n\t\t\t\t<div class=\"elementor-widget-container\">\n\t\t\t\t\t\t\t<div class=\"elementor-spacer\">\n\t\t\t<div class=\"elementor-spacer-inner\"><\/div>\n\t\t<\/div>\n\t\t\t\t\t\t<\/div>\n\t\t\t\t<\/div>\n\t\t\t\t\t<\/div>\n\t\t<\/div>\n\t\t\t\t\t<\/div>\n\t\t<\/section>\n\t\t\t\t<section class=\"elementor-section elementor-top-section elementor-element elementor-element-f9223ff elementor-section-boxed elementor-section-height-default elementor-section-height-default\" data-id=\"f9223ff\" data-element_type=\"section\" data-e-type=\"section\">\n\t\t\t\t\t\t<div class=\"elementor-container elementor-column-gap-default\">\n\t\t\t\t\t<div class=\"elementor-column elementor-col-100 elementor-top-column elementor-element elementor-element-2aaa12c\" data-id=\"2aaa12c\" data-element_type=\"column\" data-e-type=\"column\">\n\t\t\t<div class=\"elementor-widget-wrap elementor-element-populated\">\n\t\t\t\t\t\t<div class=\"elementor-element elementor-element-bfccbb7 elementor-widget elementor-widget-text-editor\" data-id=\"bfccbb7\" data-element_type=\"widget\" data-e-type=\"widget\" data-widget_type=\"text-editor.default\">\n\t\t\t\t<div class=\"elementor-widget-container\">\n\t\t\t\t\t\t\t\t\t<h2 data-path-to-node=\"2\">In 2 Minuten zum W\u00e4rmepumpen-Check: Passt die Technik zu Ihrem Haus?<\/h2><p data-path-to-node=\"3\">Die W\u00e4rmepumpe ist das Herzst\u00fcck der modernen Energiewende \u2013 doch viele Hausbesitzer sind unsicher: <b data-path-to-node=\"3\" data-index-in-node=\"100\">Reicht meine D\u00e4mmung aus? Sind meine Heizk\u00f6rper gro\u00df genug? Und wie viel vom Staat kriege ich eigentlich zur\u00fcck?<\/b><\/p><p data-path-to-node=\"4\">Schluss mit dem R\u00e4tselraten! Mit meinem Online-Check finden Sie es sofort heraus. Schnell, unverbindlich und ohne langes Warten.<\/p><hr data-path-to-node=\"6\" \/><h3 data-path-to-node=\"7\">Was die Tools f\u00fcr Sie erledigen:<\/h3><ul data-path-to-node=\"8\"><li><p data-path-to-node=\"8,0,0\"><b data-path-to-node=\"8,0,0\" data-index-in-node=\"0\">Machbarkeits-Check:<\/b> Basierend auf Ihren Angaben (Baujahr, Fl\u00e4che, Heizsystem) analysiert das Tool, ob eine W\u00e4rmepumpe in Ihrem Geb\u00e4ude effizient arbeiten kann.<\/p><\/li><li><p data-path-to-node=\"8,1,0\"><b data-path-to-node=\"8,1,0\" data-index-in-node=\"0\">F\u00f6rder-Rechner:<\/b> Ich habe die aktuellen Richtlinien der KfW und des BAFA hinterlegt. Das Tool berechnet Ihnen direkt die voraussichtliche F\u00f6rderh\u00f6he \u2013 inklusive m\u00f6glicher Boni.<\/p><\/li><\/ul><h3 data-path-to-node=\"9\">Warum Sie den Check jetzt machen sollten:<\/h3><blockquote data-path-to-node=\"10\"><p data-path-to-node=\"10,0\"><b data-path-to-node=\"10,0\" data-index-in-node=\"0\">\u201eLohnt sich das \u00fcberhaupt?\u201c<\/b> &gt; Viele Altbauten sind bereits heute \u201ew\u00e4rmepumpen-ready\u201c, ohne dass eine teure Vollsanierung n\u00f6tig ist. Mein Tool gibt Ihnen eine erste fundierte Einsch\u00e4tzung als Entscheidungshilfe.<\/p><\/blockquote><ol start=\"1\" data-path-to-node=\"11\"><li><p data-path-to-node=\"11,0,0\"><b data-path-to-node=\"11,0,0\" data-index-in-node=\"0\">Keine Kosten:<\/b> Die Nutzung ist f\u00fcr Sie komplett gratis.<\/p><\/li><li><p data-path-to-node=\"11,1,0\"><b data-path-to-node=\"11,1,0\" data-index-in-node=\"0\">Kein Risiko:<\/b> Sie gehen keine Verpflichtung ein.<\/p><\/li><li><p data-path-to-node=\"11,2,0\"><b data-path-to-node=\"11,2,0\" data-index-in-node=\"0\">Sofort-Ergebnis:<\/b> Kein tagelanges Warten auf R\u00fcckrufe \u2013 Sie erhalten die Auswertung direkt.<\/p><\/li><\/ol><hr data-path-to-node=\"12\" \/><h3 data-path-to-node=\"13\">Und nach dem Check?<\/h3><p data-path-to-node=\"14\">Wenn das Ergebnis positiv ausf\u00e4llt, lassen ich Sie nicht allein. Als zertifizierter Energie-Effizienzexperte helfe ich Ihnen dabei, die Ergebnisse zu verifizieren, die staatlichen Gelder rechtssicher zu beantragen und die Installation fachlich zu begleiten.<\/p><p data-path-to-node=\"15\"><b data-path-to-node=\"15\" data-index-in-node=\"0\">Starten Sie jetzt und finden Sie heraus, wie viel F\u00f6rderung in Ihrer Immobilie steckt!<\/b><\/p>\t\t\t\t\t\t\t\t<\/div>\n\t\t\t\t<\/div>\n\t\t\t\t\t<\/div>\n\t\t<\/div>\n\t\t\t\t\t<\/div>\n\t\t<\/section>\n\t\t\t\t<section class=\"elementor-section elementor-top-section elementor-element elementor-element-e000ebf elementor-section-boxed elementor-section-height-default elementor-section-height-default\" data-id=\"e000ebf\" data-element_type=\"section\" data-e-type=\"section\">\n\t\t\t\t\t\t<div class=\"elementor-container elementor-column-gap-default\">\n\t\t\t\t\t<div class=\"elementor-column elementor-col-100 elementor-top-column elementor-element elementor-element-e1107ce\" data-id=\"e1107ce\" data-element_type=\"column\" data-e-type=\"column\">\n\t\t\t<div class=\"elementor-widget-wrap elementor-element-populated\">\n\t\t\t\t\t\t<div class=\"elementor-element elementor-element-86c3901 elementor-widget elementor-widget-html\" data-id=\"86c3901\" data-element_type=\"widget\" data-e-type=\"widget\" data-widget_type=\"html.default\">\n\t\t\t\t<div class=\"elementor-widget-container\">\n\t\t\t\t\t<script src=\"https:\/\/heiz.report\/js\/heizreport.js\"><\/script>\r\n<div id=\"heizreport\" class=\"heizreport\" data-heizreport-ansprache=\"sie\" data-heizreport-user=\"eee-beratung@christianjaekel.com\" data-heizreport-datenschutzlink=\"https:\/\/christianjaekel.com\/?page_id=4\"><\/div>\t\t\t\t<\/div>\n\t\t\t\t<\/div>\n\t\t\t\t\t<\/div>\n\t\t<\/div>\n\t\t\t\t\t<\/div>\n\t\t<\/section>\n\t\t\t\t<section class=\"elementor-section elementor-top-section elementor-element elementor-element-d71a5eb elementor-section-boxed elementor-section-height-default elementor-section-height-default\" data-id=\"d71a5eb\" data-element_type=\"section\" data-e-type=\"section\">\n\t\t\t\t\t\t<div class=\"elementor-container elementor-column-gap-default\">\n\t\t\t\t\t<div class=\"elementor-column elementor-col-100 elementor-top-column elementor-element elementor-element-557a078\" data-id=\"557a078\" data-element_type=\"column\" data-e-type=\"column\">\n\t\t\t<div class=\"elementor-widget-wrap elementor-element-populated\">\n\t\t\t\t\t\t<div class=\"elementor-element elementor-element-d226ec3 elementor-widget elementor-widget-html\" data-id=\"d226ec3\" data-element_type=\"widget\" data-e-type=\"widget\" data-widget_type=\"html.default\">\n\t\t\t\t<div class=\"elementor-widget-container\">\n\t\t\t\t\t<script src=\"https:\/\/heizreport.de\/js\/foerderreport.js\" defer><\/script>\r\n<div id=\"heizreport-foerderrechner\" data-foerder-farbe=\"#1c4587\" data-foerder-user=\"eee-beratung@christianjaekel.com\" data-foerder-agb=\"http:\/\/christianjaekel.com\/wp-content\/uploads\/2025\/08\/AGB.pdf\" data-foerder-datenschutz=\"https:\/\/christianjaekel.com\/?page_id=4\"><\/div>\t\t\t\t<\/div>\n\t\t\t\t<\/div>\n\t\t\t\t\t<\/div>\n\t\t<\/div>\n\t\t\t\t\t<\/div>\n\t\t<\/section>\n\t\t\t\t<section class=\"elementor-section elementor-top-section elementor-element elementor-element-a280030 elementor-section-boxed elementor-section-height-default elementor-section-height-default\" data-id=\"a280030\" data-element_type=\"section\" data-e-type=\"section\">\n\t\t\t\t\t\t<div class=\"elementor-container elementor-column-gap-default\">\n\t\t\t\t\t<div class=\"elementor-column elementor-col-50 elementor-top-column elementor-element elementor-element-ee0f5fe\" data-id=\"ee0f5fe\" data-element_type=\"column\" data-e-type=\"column\">\n\t\t\t<div class=\"elementor-widget-wrap elementor-element-populated\">\n\t\t\t\t\t\t<div class=\"elementor-element elementor-element-d27cc94 elementor-widget elementor-widget-image\" data-id=\"d27cc94\" data-element_type=\"widget\" data-e-type=\"widget\" data-widget_type=\"image.default\">\n\t\t\t\t<div class=\"elementor-widget-container\">\n\t\t\t\t\t\t\t\t\t\t\t\t\t\t\t<img decoding=\"async\" width=\"300\" height=\"73\" src=\"https:\/\/christianjaekel.com\/wp-content\/uploads\/2025\/08\/EE_EnergieeffizienzExperten_Logo_M-300x73.jpg\" class=\"attachment-medium size-medium wp-image-337\" alt=\"\" srcset=\"https:\/\/christianjaekel.com\/wp-content\/uploads\/2025\/08\/EE_EnergieeffizienzExperten_Logo_M-300x73.jpg 300w, https:\/\/christianjaekel.com\/wp-content\/uploads\/2025\/08\/EE_EnergieeffizienzExperten_Logo_M-768x186.jpg 768w, https:\/\/christianjaekel.com\/wp-content\/uploads\/2025\/08\/EE_EnergieeffizienzExperten_Logo_M.jpg 965w\" sizes=\"(max-width: 300px) 100vw, 300px\" \/>\t\t\t\t\t\t\t\t\t\t\t\t\t\t\t<\/div>\n\t\t\t\t<\/div>\n\t\t\t\t\t<\/div>\n\t\t<\/div>\n\t\t\t\t<div class=\"elementor-column elementor-col-50 elementor-top-column elementor-element elementor-element-7536f12\" data-id=\"7536f12\" data-element_type=\"column\" data-e-type=\"column\">\n\t\t\t<div class=\"elementor-widget-wrap elementor-element-populated\">\n\t\t\t\t\t\t<div class=\"elementor-element elementor-element-ab56ae9 elementor-widget elementor-widget-image\" data-id=\"ab56ae9\" data-element_type=\"widget\" data-e-type=\"widget\" data-widget_type=\"image.default\">\n\t\t\t\t<div class=\"elementor-widget-container\">\n\t\t\t\t\t\t\t\t\t\t\t\t\t\t\t<img decoding=\"async\" width=\"300\" height=\"103\" src=\"https:\/\/christianjaekel.com\/wp-content\/uploads\/2025\/08\/DEN-Netzwerk-Logo_M-300x103.png\" class=\"attachment-medium size-medium wp-image-339\" alt=\"\" srcset=\"https:\/\/christianjaekel.com\/wp-content\/uploads\/2025\/08\/DEN-Netzwerk-Logo_M-300x103.png 300w, https:\/\/christianjaekel.com\/wp-content\/uploads\/2025\/08\/DEN-Netzwerk-Logo_M-768x263.png 768w, https:\/\/christianjaekel.com\/wp-content\/uploads\/2025\/08\/DEN-Netzwerk-Logo_M.png 836w\" sizes=\"(max-width: 300px) 100vw, 300px\" \/>\t\t\t\t\t\t\t\t\t\t\t\t\t\t\t<\/div>\n\t\t\t\t<\/div>\n\t\t\t\t\t<\/div>\n\t\t<\/div>\n\t\t\t\t\t<\/div>\n\t\t<\/section>\n\t\t\t\t<section class=\"elementor-section elementor-top-section elementor-element elementor-element-fbf1f97 elementor-section-boxed elementor-section-height-default elementor-section-height-default\" data-id=\"fbf1f97\" data-element_type=\"section\" data-e-type=\"section\">\n\t\t\t\t\t\t<div class=\"elementor-container elementor-column-gap-default\">\n\t\t\t\t\t<div class=\"elementor-column elementor-col-100 elementor-top-column elementor-element elementor-element-924bdff\" data-id=\"924bdff\" data-element_type=\"column\" data-e-type=\"column\">\n\t\t\t<div class=\"elementor-widget-wrap elementor-element-populated\">\n\t\t\t\t\t\t<div class=\"elementor-element elementor-element-3374ccd elementor-widget elementor-widget-spacer\" data-id=\"3374ccd\" data-element_type=\"widget\" data-e-type=\"widget\" data-widget_type=\"spacer.default\">\n\t\t\t\t<div class=\"elementor-widget-container\">\n\t\t\t\t\t\t\t<div class=\"elementor-spacer\">\n\t\t\t<div class=\"elementor-spacer-inner\"><\/div>\n\t\t<\/div>\n\t\t\t\t\t\t<\/div>\n\t\t\t\t<\/div>\n\t\t\t\t\t<\/div>\n\t\t<\/div>\n\t\t\t\t\t<\/div>\n\t\t<\/section>\n\t\t\t\t<\/div>\n\t\t","protected":false},"excerpt":{"rendered":"<p>Beratung Ich mache Ihre Immobilie fit f\u00fcr die Zukunft Egal, ob Sie einen Altbau sanieren, Ihr Traumhaus planen oder einfach nur die steigenden Heizkosten stoppen wollen: Ich bin an Ihrer Seite. Als zertifizierter Energie-Effizienz-Experte berate ich Sie neutral und kompetent. Mein Ziel ist es, Ihr Zuhause nicht nur nachhaltiger, sondern vor allem wirtschaftlicher zu machen. [&hellip;]<\/p>\n","protected":false},"author":1,"featured_media":294,"parent":0,"menu_order":0,"comment_status":"closed","ping_status":"closed","template":"elementor_header_footer","meta":{"_exactmetrics_skip_tracking":false,"_exactmetrics_sitenote_active":false,"_exactmetrics_sitenote_note":"","_exactmetrics_sitenote_category":0,"footnotes":""},"class_list":["post-11","page","type-page","status-publish","has-post-thumbnail","hentry"],"_links":{"self":[{"href":"https:\/\/christianjaekel.com\/index.php?rest_route=\/wp\/v2\/pages\/11","targetHints":{"allow":["GET"]}}],"collection":[{"href":"https:\/\/christianjaekel.com\/index.php?rest_route=\/wp\/v2\/pages"}],"about":[{"href":"https:\/\/christianjaekel.com\/index.php?rest_route=\/wp\/v2\/types\/page"}],"author":[{"embeddable":true,"href":"https:\/\/christianjaekel.com\/index.php?rest_route=\/wp\/v2\/users\/1"}],"replies":[{"embeddable":true,"href":"https:\/\/christianjaekel.com\/index.php?rest_route=%2Fwp%2Fv2%2Fcomments&post=11"}],"version-history":[{"count":120,"href":"https:\/\/christianjaekel.com\/index.php?rest_route=\/wp\/v2\/pages\/11\/revisions"}],"predecessor-version":[{"id":436,"href":"https:\/\/christianjaekel.com\/index.php?rest_route=\/wp\/v2\/pages\/11\/revisions\/436"}],"wp:featuredmedia":[{"embeddable":true,"href":"https:\/\/christianjaekel.com\/index.php?rest_route=\/wp\/v2\/media\/294"}],"wp:attachment":[{"href":"https:\/\/christianjaekel.com\/index.php?rest_route=%2Fwp%2Fv2%2Fmedia&parent=11"}],"curies":[{"name":"wp","href":"https:\/\/api.w.org\/{rel}","templated":true}]}}